{"id":4084,"date":"2022-10-17T07:42:28","date_gmt":"2022-10-17T07:42:28","guid":{"rendered":"https:\/\/ercistso.tobb.org.tr\/?page_id=4084"},"modified":"2022-12-05T06:34:37","modified_gmt":"2022-12-05T06:34:37","slug":"secim-ilani","status":"publish","type":"page","link":"https:\/\/ercistso.tobb.org.tr\/en\/secim-ilani\/","title":{"rendered":"Van Kosgeb \u0130l M\u00fcd\u00fcr\u00fc Bilal Emre Y\u00d6R\u00dcK&#8217;\u00fcn odam\u0131z\u0131 ziyareti"},"content":{"rendered":"<p>[vc_row][vc_column][vc_column_text]<\/p>\n<figure class=\"wp-block-image size-large\"><img decoding=\"async\" loading=\"lazy\" width=\"1024\" height=\"768\" src=\"https:\/\/ercistso.tobb.org.tr\/wp-content\/uploads\/2022\/12\/SDC13542-1024x768.jpg\" alt=\"\" class=\"wp-image-4115\" srcset=\"https:\/\/ercistso.tobb.org.tr\/wp-content\/uploads\/2022\/12\/SDC13542-1024x768.jpg 1024w, https:\/\/ercistso.tobb.org.tr\/wp-content\/uploads\/2022\/12\/SDC13542-300x225.jpg 300w, https:\/\/ercistso.tobb.org.tr\/wp-content\/uploads\/2022\/12\/SDC13542-768x576.jpg 768w, https:\/\/ercistso.tobb.org.tr\/wp-content\/uploads\/2022\/12\/SDC13542-1536x1152.jpg 1536w, https:\/\/ercistso.tobb.org.tr\/wp-content\/uploads\/2022\/12\/SDC13542-2048x1536.jpg 2048w\" sizes=\"(max-width: 1024px) 100vw, 1024px\" \/><\/figure>\n<p>[\/vc_column_text][\/vc_column][\/vc_row]<\/p>","protected":false},"excerpt":{"rendered":"<p>[vc_row][vc_column][vc_column_text][\/vc_column_text][\/vc_column]&#8230;<\/p>\n","protected":false},"author":1,"featured_media":0,"parent":0,"menu_order":0,"comment_status":"closed","ping_status":"closed","template":"","meta":[],"_links":{"self":[{"href":"https:\/\/ercistso.tobb.org.tr\/en\/wp-json\/wp\/v2\/pages\/4084"}],"collection":[{"href":"https:\/\/ercistso.tobb.org.tr\/en\/wp-json\/wp\/v2\/pages"}],"about":[{"href":"https:\/\/ercistso.tobb.org.tr\/en\/wp-json\/wp\/v2\/types\/page"}],"author":[{"embeddable":true,"href":"https:\/\/ercistso.tobb.org.tr\/en\/wp-json\/wp\/v2\/users\/1"}],"replies":[{"embeddable":true,"href":"https:\/\/ercistso.tobb.org.tr\/en\/wp-json\/wp\/v2\/comments?post=4084"}],"version-history":[{"count":3,"href":"https:\/\/ercistso.tobb.org.tr\/en\/wp-json\/wp\/v2\/pages\/4084\/revisions"}],"predecessor-version":[{"id":4117,"href":"https:\/\/ercistso.tobb.org.tr\/en\/wp-json\/wp\/v2\/pages\/4084\/revisions\/4117"}],"wp:attachment":[{"href":"https:\/\/ercistso.tobb.org.tr\/en\/wp-json\/wp\/v2\/media?parent=4084"}],"curies":[{"name":"wp","href":"https:\/\/api.w.org\/{rel}","templated":true}]}}