{"id":4071,"date":"2022-09-22T18:45:39","date_gmt":"2022-09-22T18:45:39","guid":{"rendered":"https:\/\/ercistso.tobb.org.tr\/?page_id=4071"},"modified":"2022-09-22T18:49:24","modified_gmt":"2022-09-22T18:49:24","slug":"uyelerimiz-3","status":"publish","type":"page","link":"https:\/\/ercistso.tobb.org.tr\/en\/uyelerimiz-3\/","title":{"rendered":"\u00dcYELER\u0130M\u0130Z"},"content":{"rendered":"<p>[vc_row][vc_column][vc_column_text]\u00dcye bilgileriniz indirmek i\u00e7in l\u00fctfen indirmek istedi\u011finiz \u00fcye grubunun \u00fczerine t\u0131klay\u0131n\u0131z.<\/p>\n<p>[\/vc_column_text][\/vc_column][\/vc_row][vc_row][vc_column][vc_column_text]<\/p>\n<p><a href=\"https:\/\/ercistso.tobb.org.tr\/wp-content\/uploads\/2022\/09\/tum-uyeler.xlsx\">T\u00fcm \u00dcyeler<\/a><\/p>\n<p><a href=\"https:\/\/ercistso.tobb.org.tr\/wp-content\/uploads\/2022\/09\/1.-Gurup-tumu.xlsx\">1. Grup<\/a><\/p>\n<p><a href=\"https:\/\/ercistso.tobb.org.tr\/wp-content\/uploads\/2022\/09\/2.-Gurup-tumu.xlsx\">2. Grup<\/a><\/p>\n<p><a href=\"https:\/\/ercistso.tobb.org.tr\/wp-content\/uploads\/2022\/09\/3.-Gurup-tumu.xlsx\">3. Grup<\/a><\/p>\n<p><a href=\"https:\/\/ercistso.tobb.org.tr\/wp-content\/uploads\/2022\/09\/4.-Gurup-tumu.xlsx\">4. Grup<\/a><\/p>\n<p><a href=\"https:\/\/ercistso.tobb.org.tr\/wp-content\/uploads\/2022\/09\/5.-Gurup-tumu.xlsx\">5. Grup<\/a><\/p>\n<p><a href=\"https:\/\/ercistso.tobb.org.tr\/wp-content\/uploads\/2022\/09\/6.-Gurup-tumu.xlsx\">6. Grup<\/a><\/p>\n<p><a href=\"https:\/\/ercistso.tobb.org.tr\/wp-content\/uploads\/2022\/09\/7.-Gurup-tumu.xlsx\">7. Grup<\/a><\/p>\n<p>[\/vc_column_text][\/vc_column][\/vc_row]<\/p>","protected":false},"excerpt":{"rendered":"<p>[vc_row][vc_column][vc_column_text]\u00dcye bilgileriniz indirmek i\u00e7in l\u00fctfen indirmek istedi\u011finiz \u00fcye grubunun \u00fczerine t\u0131klay\u0131n\u0131z. [\/vc_column_text][\/vc_column][\/vc_row][vc_row][vc_column][vc_column_text] T\u00fcm \u00dcyeler 1. Grup 2. Grup 3. Grup&#8230;<\/p>\n","protected":false},"author":1,"featured_media":0,"parent":0,"menu_order":0,"comment_status":"closed","ping_status":"closed","template":"","meta":[],"_links":{"self":[{"href":"https:\/\/ercistso.tobb.org.tr\/en\/wp-json\/wp\/v2\/pages\/4071"}],"collection":[{"href":"https:\/\/ercistso.tobb.org.tr\/en\/wp-json\/wp\/v2\/pages"}],"about":[{"href":"https:\/\/ercistso.tobb.org.tr\/en\/wp-json\/wp\/v2\/types\/page"}],"author":[{"embeddable":true,"href":"https:\/\/ercistso.tobb.org.tr\/en\/wp-json\/wp\/v2\/users\/1"}],"replies":[{"embeddable":true,"href":"https:\/\/ercistso.tobb.org.tr\/en\/wp-json\/wp\/v2\/comments?post=4071"}],"version-history":[{"count":2,"href":"https:\/\/ercistso.tobb.org.tr\/en\/wp-json\/wp\/v2\/pages\/4071\/revisions"}],"predecessor-version":[{"id":4081,"href":"https:\/\/ercistso.tobb.org.tr\/en\/wp-json\/wp\/v2\/pages\/4071\/revisions\/4081"}],"wp:attachment":[{"href":"https:\/\/ercistso.tobb.org.tr\/en\/wp-json\/wp\/v2\/media?parent=4071"}],"curies":[{"name":"wp","href":"https:\/\/api.w.org\/{rel}","templated":true}]}}