{"id":3978,"date":"2022-05-05T21:20:12","date_gmt":"2022-05-05T21:20:12","guid":{"rendered":"https:\/\/ercistso.tobb.org.tr\/?page_id=3978"},"modified":"2022-05-09T06:40:09","modified_gmt":"2022-05-09T06:40:09","slug":"kapasite-raporu-yerli-mali-belgesi","status":"publish","type":"page","link":"https:\/\/ercistso.tobb.org.tr\/en\/kapasite-raporu-yerli-mali-belgesi\/","title":{"rendered":"Kapasite Raporu ve Yerli Mal\u0131 Belgesi"},"content":{"rendered":"<p>[vc_row][vc_column][vc_column_text]<\/p>\n<div>\n<h3><strong>Kapasite Raporu Ba\u015fvurusu i\u00e7in gereken evrak ve \u00f6denecek har\u00e7 bedelleri<\/strong><\/h3>\n<ul>\n<li><a href=\"https:\/\/ercistso.tobb.org.tr\/wp-content\/uploads\/2022\/05\/KAPASITE-RAPORU.docx\">KAPAS\u0130TE RAPORU (\u0130ndir)<\/a><\/li>\n<li>Kapasite raporu talebinde bulunan ki\u015finin, temsile yetkili olduklar\u0131na dair imza sirk\u00fcleri fotokopisi<\/li>\n<\/ul>\n<ul>\n<li>Sigortal\u0131 i\u015f\u00e7i say\u0131s\u0131na ili\u015fkin son aya ait e-bildirge (hizmet d\u00f6k\u00fcm\u00fc)<\/li>\n<\/ul>\n<ul>\n<li>Tapu veya Kira Kontrat\u0131 fotokopisi<\/li>\n<li>Elektrik Faturas\u0131 (son aya ait)<\/li>\n<li>Kalite ve Marka Tescil Belgeleri vb. sertifikalar (varsa)<\/li>\n<\/ul>\n<ul>\n<li>Daha \u00f6nce d\u00fczenlenen Kapasite Raporu fotokopisi (varsa),<\/li>\n<\/ul>\n<ul>\n<li>Vergi Levhas\u0131 Fotokopisi,<\/li>\n<\/ul>\n<ul>\n<li>Kapasite Rapor onay \u00fccretinin yat\u0131r\u0131ld\u0131\u011f\u0131na dair belge [<strong>700 \u2013 (YediY\u00fcz)<\/strong> T\u00fcrk Liras\u0131 olup (T\u00fcrkiye Odalar ve Borsalar Birli\u011fi&#8217;nin a\u015fa\u011f\u0131da IBAN numaralar\u0131 belirtilen hesaplar\u0131ndan birine yat\u0131r\u0131lmas\u0131 gerekmektedir).<\/li>\n<\/ul>\n<div>\n<table cellspacing=\"0\" cellpadding=\"3\">\n<tbody>\n<tr>\n<td><span style=\"color: #000000;\">\u00a0\u0130\u015f Bankas\u0131 Akay \u015eb.<\/span><\/td>\n<td><span style=\"color: #000000;\">TR10 0006 4000 0014 2010 7855 29<\/span><\/td>\n<\/tr>\n<tr>\n<td><span style=\"color: #000000;\">\u00a0Akbank Bakanl\u0131klar \u015eb.<\/span><\/td>\n<td><span style=\"color: #000000;\">TR35 0004 6001 5388 8000 0690 72<\/span><\/td>\n<\/tr>\n<tr>\n<td><span style=\"color: #000000;\">\u00a0Ziraat Bankas\u0131 Akay \u015eb.<\/span><\/td>\n<td><span style=\"color: #000000;\">TR02 0001 0007 6005 9943 5050 32<\/span><\/td>\n<\/tr>\n<tr>\n<td><span style=\"color: #000000;\">\u00a0Vak\u0131flar Bankas\u0131 Merkez \u015eb.<\/span><\/td>\n<td><span style=\"color: #000000;\">TR21 0001 5001 5800 7293 5864\u00a0 13<\/span><\/td>\n<\/tr>\n<tr>\n<td><span style=\"color: #000000;\">\u00a0Halkbank \u00c7ukurambar T. \u015eb.<\/span><\/td>\n<td><span style=\"color: #000000;\">TR14 0001 2001 3110 0016 0000\u00a0 38<\/span><\/td>\n<\/tr>\n<\/tbody>\n<\/table>\n<ul>\n<li><strong>Oda Hizmet \u00dccreti ve Eksper \u00dccreti yat\u0131r\u0131ld\u0131\u011f\u0131na dair belge\u00a0(**)<\/strong><\/li>\n<\/ul>\n<\/div>\n<\/div>\n<div><strong>\u00a0<\/strong><\/div>\n<div><strong>\u00d6NEML\u0130\u00a0<\/strong><\/div>\n<div><strong>\u00a0<\/strong><\/div>\n<div><strong>(**)Oda Hizmet \u00dccreti ve Eksper \u00fccretleri, Erci\u015f Ticaret ve Sanayi Odas\u0131 Veznelerine yat\u0131r\u0131lmaktad\u0131r.<br \/>\n<\/strong><\/div>\n<div><strong>\u00a0<\/strong><\/div>\n<div><strong>Not: Mevzuat gere\u011fi, imalat s\u00fcrecinde fiilen \u00e7al\u0131\u015fan i\u015f\u00e7i say\u0131s\u0131 10 ve \u00fczerinde olan i\u015fletmeler, &#8220;Kapasite Raporu&#8221; ba\u015fvurular\u0131n\u0131 do\u011frudan kapasite raporu d\u00fczenlenecek i\u015fletmenin bulundu\u011fu yerdeki Sanayi Odas\u0131na yapmalar\u0131 gerekmektedir.<\/strong><\/div>\n<div><\/div>\n<p>[\/vc_column_text][vc_empty_space height=&#8221;15&#8243;][vc_separator color=&#8221;blue&#8221;][vc_empty_space height=&#8221;15&#8243;][vc_column_text]<\/p>\n<h3><span style=\"color: #000000;\"><strong>Yerli Mal\u0131 Belgesi Ba\u015fvurular\u0131 \u0130\u00e7in \u0130stenen Belgeler<\/strong><\/span><\/h3>\n<p><span style=\"color: #000000;\">-Ba\u015fvuru Dilek\u00e7esi<\/span><br \/>\n<span style=\"color: #000000;\">-Yerli Mal\u0131 Belgesi talebinde bulunan ki\u015finin, temsile yetkili oldu\u011funa dair imza sirk\u00fcleri fotokopisi<\/span><br \/>\n<span style=\"color: #000000;\">-Taahh\u00fctname 1 ve 2 (\u00dcreticiyi temsil ve ilzama yetkili ki\u015fi\/ki\u015filer taraf\u0131ndan imzal\u0131)<\/span><br \/>\n<span style=\"color: #000000;\">-Yerli Katk\u0131 Oran\u0131 Hesap Cetvelleri (Hesaplamada baz al\u0131nan belgeler dahil) (Ek.3-A, Ek.3-B, Ek.3-C, Ek.3-D)<\/span><br \/>\n<span style=\"color: #000000;\">-Ek 3-A&#8217;da Yerli Girdi olarak kullan\u0131ld\u0131\u011f\u0131 belirtilen \u00fcr\u00fcnlerin \u00fcreticilerinin Sanayi Sicil Belgeleri (Ge\u00e7erlilik s\u00fcresi devam eden)<\/span><br \/>\n<span style=\"color: #000000;\">-Yerli katk\u0131 oran\u0131 hesap cetvellerini mali y\u00f6nden inceleyen ve do\u011frulu\u011funu teyit eden; Serbest Muhasebeci, Serbest Muhasebeci Mali M\u00fc\u015favir veya Yeminli Mali M\u00fc\u015favire ait Faaliyet Belgesi veya Oda Kay\u0131t Belgesi<\/span><br \/>\n<span style=\"color: #000000;\">-Sanayi Sicil Belgesi (Ge\u00e7erlilik s\u00fcresi devam eden)<\/span><br \/>\n<span style=\"color: #000000;\">-G\u0131da \u0130\u015fletme Kay\u0131t veya Onay Belgesi (G\u0131da \u00fcreticileri i\u00e7in)<\/span><br \/>\n<span style=\"color: #000000;\">-\u00dcretimde kullan\u0131lan ham maddelerin men\u015feileriyle ilgili G\u00fcmr\u00fck Giri\u015f Beyannamesi, Fatura Fotokopisi ve \u00dcretici Firmalar\u0131n Sanayi Sicil Belgeleri<\/span><br \/>\n<span style=\"color: #000000;\">-Odam\u0131z taraf\u0131ndan d\u00fczenlenmi\u015f ve ge\u00e7erlilik s\u00fcresi devam eden Kapasite Raporu,<\/span><br \/>\n<span style=\"color: #000000;\">-Yerli Mal\u0131 Belgesi Oda Hizmet \u00dccreti ve Eksper \u00dccretinin yat\u0131r\u0131ld\u0131\u011f\u0131na dair belge (*)<\/span><\/p>\n<p><span style=\"color: #000000;\">Yerli Mal\u0131 Belgesi onay \u00fccretinin yat\u0131r\u0131ld\u0131\u011f\u0131na dair belge [165 \u2013 (Y\u00fczAltm\u0131\u015fBe\u015f) T\u00fcrk Liras\u0131 olup (T\u00fcrkiye Odalar ve Borsalar Birli\u011fi&#8217;nin (TOBB) a\u015fa\u011f\u0131da belirtilen IBAN numaralar\u0131ndan birine yat\u0131r\u0131lmas\u0131 gerekmektedir).<\/span><\/p>\n<table cellspacing=\"0\" cellpadding=\"3\">\n<tbody>\n<tr>\n<td><span style=\"color: #000000;\">\u00a0\u0130\u015f Bankas\u0131 Akay \u015eb.<\/span><\/td>\n<td><span style=\"color: #000000;\">TR10 0006 4000 0014 2010 7855 29<\/span><\/td>\n<\/tr>\n<tr>\n<td><span style=\"color: #000000;\">\u00a0Akbank Bakanl\u0131klar \u015eb.<\/span><\/td>\n<td><span style=\"color: #000000;\">TR35 0004 6001 5388 8000 0690 72<\/span><\/td>\n<\/tr>\n<tr>\n<td><span style=\"color: #000000;\">\u00a0Ziraat Bankas\u0131 Akay \u015eb.<\/span><\/td>\n<td><span style=\"color: #000000;\">TR02 0001 0007 6005 9943 5050 32<\/span><\/td>\n<\/tr>\n<tr>\n<td><span style=\"color: #000000;\">\u00a0Vak\u0131flar Bankas\u0131 Merkez \u015eb.<\/span><\/td>\n<td><span style=\"color: #000000;\">TR21 0001 5001 5800 7293 5864\u00a0 13<\/span><\/td>\n<\/tr>\n<tr>\n<td><span style=\"color: #000000;\">\u00a0Halkbank \u00c7ukurambar T. \u015eb.<\/span><\/td>\n<td><span style=\"color: #000000;\">TR14 0001 2001 3110 0016 0000\u00a0 38<\/span><\/td>\n<\/tr>\n<\/tbody>\n<\/table>\n<p>&nbsp;<\/p>\n<p>(*) Yerli Mal\u0131 Belgesi Oda Hizmet \u00dccreti ve Eksper \u00fccretleri, Erci\u015f Ticaret ve Sanayi Odas\u0131\u00a0 veznelerine yat\u0131r\u0131lmaktad\u0131r.<\/p>\n<p><strong>NOT:<\/strong>\u00a0\u00a0<strong>Yerli Mal\u0131 Belgesi ba\u015fvurusunun, Kapasite Raporunu d\u00fczenleyen\u00a0ilgili Oda\u2019ya yap\u0131lmas\u0131 gerekmektedir.<\/strong>[\/vc_column_text][\/vc_column][\/vc_row]<\/p>\n","protected":false},"excerpt":{"rendered":"<p>[vc_row][vc_column][vc_column_text] Kapasite Raporu Ba\u015fvurusu i\u00e7in gereken evrak ve \u00f6denecek har\u00e7 bedelleri KAPAS\u0130TE RAPORU (\u0130ndir) Kapasite raporu talebinde bulunan ki\u015finin, temsile&#8230;<\/p>\n","protected":false},"author":1,"featured_media":0,"parent":0,"menu_order":0,"comment_status":"closed","ping_status":"closed","template":"","meta":[],"_links":{"self":[{"href":"https:\/\/ercistso.tobb.org.tr\/en\/wp-json\/wp\/v2\/pages\/3978"}],"collection":[{"href":"https:\/\/ercistso.tobb.org.tr\/en\/wp-json\/wp\/v2\/pages"}],"about":[{"href":"https:\/\/ercistso.tobb.org.tr\/en\/wp-json\/wp\/v2\/types\/page"}],"author":[{"embeddable":true,"href":"https:\/\/ercistso.tobb.org.tr\/en\/wp-json\/wp\/v2\/users\/1"}],"replies":[{"embeddable":true,"href":"https:\/\/ercistso.tobb.org.tr\/en\/wp-json\/wp\/v2\/comments?post=3978"}],"version-history":[{"count":16,"href":"https:\/\/ercistso.tobb.org.tr\/en\/wp-json\/wp\/v2\/pages\/3978\/revisions"}],"predecessor-version":[{"id":4001,"href":"https:\/\/ercistso.tobb.org.tr\/en\/wp-json\/wp\/v2\/pages\/3978\/revisions\/4001"}],"wp:attachment":[{"href":"https:\/\/ercistso.tobb.org.tr\/en\/wp-json\/wp\/v2\/media?parent=3978"}],"curies":[{"name":"wp","href":"https:\/\/api.w.org\/{rel}","templated":true}]}}