{"id":3865,"date":"2020-10-06T10:38:19","date_gmt":"2020-10-06T10:38:19","guid":{"rendered":"https:\/\/ercistso.tobb.org.tr\/?page_id=3865"},"modified":"2025-07-08T12:13:09","modified_gmt":"2025-07-08T12:13:09","slug":"ercis-organize-sanayi-bolgesi-yer-tahsisi","status":"publish","type":"page","link":"https:\/\/ercistso.tobb.org.tr\/en\/ercis-organize-sanayi-bolgesi-yer-tahsisi\/","title":{"rendered":"TOBB NEFES KRED\u0130S\u0130 2025"},"content":{"rendered":"\n<p>Oda\/borsa \u00fcyeleri, 08.07.2025 Sal\u0131 g\u00fcn\u00fc itibar\u0131yla, TOBB Nefes Kredisi i\u015flemlerinde<br>kullan\u0131lmak Kay\u0131tl\u0131 oldu\u011fu Odadan alaca\u011f\u0131 olarak verilecek faaliyet belgesi ile birlikte bahsi ge\u00e7en bankalara ait \u015fubelerden kredi ba\u015fvurusunda bulunabilecektir. Birli\u011fimiz ile odalar\/borsalar kredi onay s\u00fcre\u00e7lerine i\u015ftirak etmeyecek ve referans vermeyecektir.<br><\/p>\n\n\n\n<p>TOBB Nefes Kredisine ili\u015fkin protokol Kredi Garanti Fonu (KGF) ve Ziraat Bankas\u0131, Halkbank, Vak\u0131fbank,<br>Akbank, Yap\u0131 ve Kredi Bankas\u0131, Denizbank ve Ziraat Kat\u0131l\u0131m Bankas\u0131 ile imzalanm\u0131\u015ft\u0131r.<\/p>\n\n\n\n<p>\uf0b7 Tahsis edilmi\u015f limitler dahilinde, risk durumuna g\u00f6re azami 1 Milyon TL ile 2,5 Milyon TL aral\u0131\u011f\u0131nda,<\/p>\n\n\n\n<p>\uf0b7 6 ay ana para ve faiz \u00f6demesiz, azami 36 ay vadeli,<\/p>\n\n\n\n<p>\uf0b7 24 aya kadar vadeli kredilerde %38 faiz oran\u0131yla, 24 aydan uzun vadeli kredilerde %37 faiz oran\u0131yla,<\/p>\n\n\n\n<p>\uf0b7 5.000 TL ba\u015fvuru \u00fccretiyle, %0,5 (binde be\u015f) banka komisyonuyla, %1 (y\u00fczde bir) kefalet<br>komisyonuyla,<\/p>\n\n\n\n<p>\uf0b7 Herhangi bir teminat talep edilmeden, (\u015eah\u0131s i\u015fletmelerinde \u00fc\u00e7\u00fcnc\u00fc \u015fah\u0131s kefil bulunamamas\u0131<br>durumunda, m\u00fc\u015fterinin talebi \u00fczerine, maddi teminat istenebilecektir.)<br>\u015fartlar\u0131yla ilgili bankalar arac\u0131l\u0131\u011f\u0131yla kulland\u0131r\u0131lacakt\u0131r.<\/p>\n\n\n\n<h5 class=\"wp-block-heading\"><\/h5>\n\n\n\n<p><\/p>\n","protected":false},"excerpt":{"rendered":"<p>Oda\/borsa \u00fcyeleri, 08.07.2025 Sal\u0131 g\u00fcn\u00fc itibar\u0131yla, TOBB Nefes Kredisi i\u015flemlerindekullan\u0131lmak Kay\u0131tl\u0131 oldu\u011fu Odadan alaca\u011f\u0131 olarak verilecek faaliyet belgesi ile birlikte&#8230;<\/p>\n","protected":false},"author":1,"featured_media":0,"parent":0,"menu_order":0,"comment_status":"closed","ping_status":"closed","template":"","meta":[],"_links":{"self":[{"href":"https:\/\/ercistso.tobb.org.tr\/en\/wp-json\/wp\/v2\/pages\/3865"}],"collection":[{"href":"https:\/\/ercistso.tobb.org.tr\/en\/wp-json\/wp\/v2\/pages"}],"about":[{"href":"https:\/\/ercistso.tobb.org.tr\/en\/wp-json\/wp\/v2\/types\/page"}],"author":[{"embeddable":true,"href":"https:\/\/ercistso.tobb.org.tr\/en\/wp-json\/wp\/v2\/users\/1"}],"replies":[{"embeddable":true,"href":"https:\/\/ercistso.tobb.org.tr\/en\/wp-json\/wp\/v2\/comments?post=3865"}],"version-history":[{"count":8,"href":"https:\/\/ercistso.tobb.org.tr\/en\/wp-json\/wp\/v2\/pages\/3865\/revisions"}],"predecessor-version":[{"id":4208,"href":"https:\/\/ercistso.tobb.org.tr\/en\/wp-json\/wp\/v2\/pages\/3865\/revisions\/4208"}],"wp:attachment":[{"href":"https:\/\/ercistso.tobb.org.tr\/en\/wp-json\/wp\/v2\/media?parent=3865"}],"curies":[{"name":"wp","href":"https:\/\/api.w.org\/{rel}","templated":true}]}}