{"id":3638,"date":"2020-10-04T14:58:33","date_gmt":"2020-10-04T14:58:33","guid":{"rendered":"https:\/\/ercistso.tobb.org.tr\/?page_id=3638"},"modified":"2021-01-20T18:12:29","modified_gmt":"2021-01-20T18:12:29","slug":"hakkimizda","status":"publish","type":"page","link":"https:\/\/ercistso.tobb.org.tr\/en\/hakkimizda\/","title":{"rendered":"About Us"},"content":{"rendered":"<p>[vc_row][vc_column][vc_column_text]ABOUT US<\/p>\n<p>Erci\u015f Chamber of Commerce and Industry Erci\u015f Chamber of Commerce and Industry, under the leadership of A.Baki DEM\u0130R, started its service by making the first professional committee elections in 1969 as a result of the intense and determined initiative of a group of merchants. Our room, which started to serve in very difficult conditions with 2 staff in the first years of rental single-room service building, showed a rapid development and in 2007, with the support of the TOB. Union, it provides better opportunities to its members in the new and modern service building.<\/p>\n<p><strong> Chamber Professional Committee <\/strong><\/p>\n<p>It consists of members elected by professional groups for four years. Substitute members as well as permanent members are elected. We have a total of seven professional committees, four of which are seven and three are five. The committees have elected a chairman and a vice chairman for four years from among their members.<\/p>\n<p><strong>Chamber Assembly<\/strong><\/p>\n<p>It consists of members to be elected by professional groups for four years. We have a total of eighteen council members, two from three professional committees and three from four professional committees. In addition, the same number of substitute members were elected. Our Chamber Council continues its services by electing a president, two vice-chairmen and a clerk member from among its members in 2018 as a result of the last organ elections held within this framework.<\/p>\n<p><strong>Chamber Board<\/strong><\/p>\n<p>It consists of five people elected from among the councilors for four years. It consists of a Chairman of the Board of Directors, two Vice-Chairmen of the Board of Directors, a Treasurer member and a Board member.<\/p>\n<p><strong>Our Mission<\/strong><\/p>\n<p>It is a chamber that fulfills the powers and responsibilities given by the founding law numbered 5170 to improve the business and commercial life of its members. Thus, it contributes to the economic and social life of Erci\u015f district.<\/p>\n<p><strong>Our Vision <\/strong><\/p>\n<p>In line with its mission, to become an exemplary chamber that completes its institutionalization and improves the tourism potential of Erci\u015f district, especially in the next 5 years thanks to the TOBB Accreditation System.<\/p>\n<p><strong>Our Corporate Values<\/strong><\/p>\n<p>Transparency and dignity Member and development oriented Dynamic and innovation Honesty and reliability<\/p>\n<p><strong>Financial Policy<\/strong><\/p>\n<p>It is a room that realizes its financial situation in accordance with the rules of balanced budget and risk management, ensures the continuity of the business life of the members, is employment-oriented, contributes to the social and cultural life of Erci\u015f.<\/p>\n<p><strong>Our Human Resources Policy<\/strong><\/p>\n<p>Our staff and managers; We will provide better service to our members by continuously developing with a working understanding focused on merit, performance and satisfaction. Our Communication and Communication Policy We will add value to our environment by sharing \u201ccorrect and useful\u201d information with our members and the public by using the communication and communication facilities provided by the modern world.<\/p>\n<p><strong>Our Information and Communication Technologies Policy<\/strong><\/p>\n<p>To provide safe and fast service by using the innovations provided by technology within its possibilities to increase member satisfaction. It is our information and communication technologies policy to protect existing information within the framework of information security and confidentiality.<\/p>\n<p><strong>Quality, Complaint Management and Accreditation Policy<\/strong><\/p>\n<p>Guided by the TOBB Accreditation System, ISO 9001 Quality and ISO 10002 Complaint Management Systems, we will continuously improve our corporate service understanding, and we will provide added value to our members and our district by conducting activities in line with the needs and expectations of all our stakeholders.[\/vc_column_text][\/vc_column][\/vc_row]<\/p>\n","protected":false},"excerpt":{"rendered":"<p>[vc_row][vc_column][vc_column_text]ABOUT US Erci\u015f Chamber of Commerce and Industry Erci\u015f Chamber of Commerce and Industry, under the leadership of A.Baki DEM\u0130R,&#8230;<\/p>\n","protected":false},"author":1,"featured_media":0,"parent":0,"menu_order":0,"comment_status":"closed","ping_status":"closed","template":"","meta":[],"_links":{"self":[{"href":"https:\/\/ercistso.tobb.org.tr\/en\/wp-json\/wp\/v2\/pages\/3638"}],"collection":[{"href":"https:\/\/ercistso.tobb.org.tr\/en\/wp-json\/wp\/v2\/pages"}],"about":[{"href":"https:\/\/ercistso.tobb.org.tr\/en\/wp-json\/wp\/v2\/types\/page"}],"author":[{"embeddable":true,"href":"https:\/\/ercistso.tobb.org.tr\/en\/wp-json\/wp\/v2\/users\/1"}],"replies":[{"embeddable":true,"href":"https:\/\/ercistso.tobb.org.tr\/en\/wp-json\/wp\/v2\/comments?post=3638"}],"version-history":[{"count":8,"href":"https:\/\/ercistso.tobb.org.tr\/en\/wp-json\/wp\/v2\/pages\/3638\/revisions"}],"predecessor-version":[{"id":3911,"href":"https:\/\/ercistso.tobb.org.tr\/en\/wp-json\/wp\/v2\/pages\/3638\/revisions\/3911"}],"wp:attachment":[{"href":"https:\/\/ercistso.tobb.org.tr\/en\/wp-json\/wp\/v2\/media?parent=3638"}],"curies":[{"name":"wp","href":"https:\/\/api.w.org\/{rel}","templated":true}]}}