{"id":3464,"date":"2018-05-03T07:14:35","date_gmt":"2018-05-03T07:14:35","guid":{"rendered":"http:\/\/keenitsolutions.com\/products\/wordpress\/rsconstruction\/?page_id=5"},"modified":"2021-03-15T10:06:03","modified_gmt":"2021-03-15T10:06:03","slug":"home","status":"publish","type":"page","link":"https:\/\/ercistso.tobb.org.tr\/en\/","title":{"rendered":"Home"},"content":{"rendered":"<p>[vc_row full_width=&#8221;stretch_row&#8221; css=&#8221;.vc_custom_1601834501223{padding-top: 54px !important;padding-bottom: 115px !important;background-color: #ededed !important;background-position: center !important;background-repeat: no-repeat !important;background-size: cover !important;}&#8221; el_id=&#8221;rs-blog&#8221;][vc_column]<div class=\"rs-blog home-blog-area \">\r\n\t\t<div class=\"blog-carousel blog-slider owl-carousel owl-navigation-yes\" data-carousel-options=\"{&quot;nav&quot;:false,&quot;navText&quot;:[&quot;&lt;i class=&#039;fa fa-angle-left&#039;&gt;&lt;\\\/i&gt;&quot;,&quot;&lt;i class=&#039;fa fa-angle-right&#039;&gt;&lt;\\\/i&gt;&quot;],&quot;dots&quot;:true,&quot;autoplay&quot;:true,&quot;autoplayTimeout&quot;:&quot;5000&quot;,&quot;stagePadding&quot;:0,&quot;autoplaySpeed&quot;:&quot;300&quot;,&quot;autoplayHoverPause&quot;:true,&quot;loop&quot;:true,&quot;margin&quot;:20,&quot;items&quot;:3,&quot;responsive&quot;:{&quot;0&quot;:{&quot;items&quot;:&quot;1&quot;},&quot;480&quot;:{&quot;items&quot;:&quot;1&quot;},&quot;768&quot;:{&quot;items&quot;:&quot;1&quot;},&quot;992&quot;:{&quot;items&quot;:&quot;1&quot;},&quot;1200&quot;:{&quot;items&quot;:&quot;1&quot;}}}\"><div class=\"blog-item\">\r\n\t\t\t\t\t\t<div class=\"blog-img\">\r\n                            <img src=\"\" alt=\"\u0130\u015e SA\u011eLI\u011eI VE G\u00dcVENL\u0130\u011e\u0130 E\u011e\u0130T\u0130M\" \/>\r\n                        <\/div>\r\n                        <div class=\"blog-content\">\r\n                            <div class=\"display-table\">\r\n                                <div class=\"display-table-cell\">\r\n                                \t<div class=\"blog-date\">\r\n                                \t\tApril 22, 2025\r\n                                \t<\/div>\r\n                                    <h3><a href=\"https:\/\/ercistso.tobb.org.tr\/en\/?post_type=post&p=4201\">\u0130\u015e SA\u011eLI\u011eI VE G\u00dcVENL\u0130\u011e\u0130 E\u011e\u0130T\u0130M<\/a><\/h3><ul class=\"blog-meta clearfix\">\r\n                                    \t\t<li class=\"author\">Erci\u015f TSO<\/li>\r\n                                    \t\t<li><a href=\"https:\/\/ercistso.tobb.org.tr\/en\/category\/haberler\/\">Haberler<\/a><\/li>\r\n                                    \t<\/ul><div class=\"excerpt\">\r\n\t\t\t\t\t\t\t\t\t\t\t\u0130\u015f Sa\u011fl\u0131\u011f\u0131 ve G\u00fcvenli\u011fi Hizmetlerinin Y\u00fcr\u00fct\u00fclmesine \u0130li\u015fkin E\u011fitim TOBB ET\u00dc S\u00fcrekli E\u011fitim Ara\u015ft\u0131rma ve Uygulama Merkezi taraf\u0131ndan Birli\u011fimize iletilen ekli...\r\n\t\t\t\t\t\t\t\t\t\t<\/div><\/div>\r\n                            <\/div>\r\n                        <\/div>\r\n                    <\/div><div class=\"blog-item\">\r\n\t\t\t\t\t\t<div class=\"blog-img\">\r\n                            <img src=\"\" alt=\"SGK&#8217;dan \u00d6NEML\u0130 DUYURU\" \/>\r\n                        <\/div>\r\n                        <div class=\"blog-content\">\r\n                            <div class=\"display-table\">\r\n                                <div class=\"display-table-cell\">\r\n                                \t<div class=\"blog-date\">\r\n                                \t\tOctober 16, 2024\r\n                                \t<\/div>\r\n                                    <h3><a href=\"https:\/\/ercistso.tobb.org.tr\/en\/?post_type=post&p=4179\">SGK&#8217;dan \u00d6NEML\u0130 DUYURU<\/a><\/h3><ul class=\"blog-meta clearfix\">\r\n                                    \t\t<li class=\"author\">Erci\u015f TSO<\/li>\r\n                                    \t\t<li><a href=\"https:\/\/ercistso.tobb.org.tr\/en\/category\/haberler\/\">Haberler<\/a><\/li>\r\n                                    \t<\/ul><div class=\"excerpt\">\r\n\t\t\t\t\t\t\t\t\t\t\tSigortal\u0131 i\u015f\u00e7i \u00e7al\u0131\u015ft\u0131ran i\u015fveren, hem kendi kazan\u0131r, hem de \u00fclkesine kazand\u0131r\u0131r. \u0130\u015fveren Bro\u015f\u00fcr\u00fc, GSS Bro\u015f\u00fcr\u00fc, Primler Bro\u015f\u00fcr\u00fc i\u00e7in linklere t\u0131klay\u0131p...\r\n\t\t\t\t\t\t\t\t\t\t<\/div><\/div>\r\n                            <\/div>\r\n                        <\/div>\r\n                    <\/div><div class=\"blog-item\">\r\n\t\t\t\t\t\t<div class=\"blog-img\">\r\n                            <img src=\"https:\/\/ercistso.tobb.org.tr\/wp-content\/uploads\/2024\/10\/arsa-resim-1.png\" alt=\"TOBB NEFES KRED\u0130S\u0130 2025\" \/>\r\n                        <\/div>\r\n                        <div class=\"blog-content\">\r\n                            <div class=\"display-table\">\r\n                                <div class=\"display-table-cell\">\r\n                                \t<div class=\"blog-date\">\r\n                                \t\tOctober 7, 2024\r\n                                \t<\/div>\r\n                                    <h3><a href=\"https:\/\/ercistso.tobb.org.tr\/en\/?post_type=post&p=4173\">TOBB NEFES KRED\u0130S\u0130 2025<\/a><\/h3><ul class=\"blog-meta clearfix\">\r\n                                    \t\t<li class=\"author\">Erci\u015f TSO<\/li>\r\n                                    \t\t<li><a href=\"https:\/\/ercistso.tobb.org.tr\/en\/category\/haberler\/\">Haberler<\/a><\/li>\r\n                                    \t<\/ul><div class=\"excerpt\">\r\n\t\t\t\t\t\t\t\t\t\t\tOda\/borsa \u00fcyeleri, 08.07.2025 Sal\u0131 g\u00fcn\u00fc itibar\u0131yla, TOBB Nefes Kredisi i\u015flemlerindekullan\u0131lmak Kay\u0131tl\u0131 oldu\u011fu Odadan alaca\u011f\u0131 olarak verilecek faaliyet belgesi ile birlikte...\r\n\t\t\t\t\t\t\t\t\t\t<\/div><\/div>\r\n                            <\/div>\r\n                        <\/div>\r\n                    <\/div><div class=\"blog-item\">\r\n\t\t\t\t\t\t<div class=\"blog-img\">\r\n                            <img src=\"https:\/\/ercistso.tobb.org.tr\/wp-content\/uploads\/2024\/09\/tobberciskardelen1.jpg\" alt=\"TOBB KARDELEN ANAOKULU\" \/>\r\n                        <\/div>\r\n                        <div class=\"blog-content\">\r\n                            <div class=\"display-table\">\r\n                                <div class=\"display-table-cell\">\r\n                                \t<div class=\"blog-date\">\r\n                                \t\tSeptember 6, 2024\r\n                                \t<\/div>\r\n                                    <h3><a href=\"https:\/\/ercistso.tobb.org.tr\/en\/?post_type=post&p=4150\">TOBB KARDELEN ANAOKULU<\/a><\/h3><ul class=\"blog-meta clearfix\">\r\n                                    \t\t<li class=\"author\">Erci\u015f TSO<\/li>\r\n                                    \t\t<li><a href=\"https:\/\/ercistso.tobb.org.tr\/en\/category\/haberler\/\">Haberler<\/a><\/li>\r\n                                    \t<\/ul><div class=\"excerpt\">\r\n\t\t\t\t\t\t\t\t\t\t\tTOBB ve Milli E\u011fitim Bakanl\u0131\u011f\u0131 aras\u0131ndan yap\u0131lan protokol il\u00e7emizde yap\u0131m\u0131 tamamlanan TOBB KARDELEN ANAOKULU 2024-2025 E\u011fitim-\u00d6\u011fretim d\u00f6nemi itibariyle hizmete\u00a0giriyor.\r\n\t\t\t\t\t\t\t\t\t\t<\/div><\/div>\r\n                            <\/div>\r\n                        <\/div>\r\n                    <\/div><\/div>\r\n\t\t\t<\/div>[\/vc_column][\/vc_row][vc_row full_width=&#8221;stretch_row&#8221; css=&#8221;.vc_custom_1601833053385{padding-top: 54px !important;padding-bottom: 115px !important;background-color: #ffffff !important;background-position: center !important;background-repeat: no-repeat !important;background-size: cover !important;}&#8221;][vc_column][vc_single_image image=&#8221;3782&#8243; img_size=&#8221;full&#8221; alignment=&#8221;center&#8221; style=&#8221;vc_box_border&#8221; border_color=&#8221;mulled_wine&#8221; onclick=&#8221;custom_link&#8221; img_link_target=&#8221;_blank&#8221; link=&#8221;https:\/\/covid19.saglik.gov.tr\/Eklenti\/38848\/0\/covid-19salginyonetimivecalismarehberipdf.pdf&#8221;][\/vc_column][\/vc_row]<\/p>\n","protected":false},"excerpt":{"rendered":"<p>[vc_row full_width=&#8221;stretch_row&#8221; css=&#8221;.vc_custom_1601834501223{padding-top: 54px !important;padding-bottom: 115px !important;background-color: #ededed !important;background-position: center !important;background-repeat: no-repeat !important;background-size: cover !important;}&#8221; el_id=&#8221;rs-blog&#8221;][vc_column][\/vc_column][\/vc_row][vc_row full_width=&#8221;stretch_row&#8221; css=&#8221;.vc_custom_1601833053385{padding-top: 54px !important;padding-bottom:&#8230;<\/p>\n","protected":false},"author":1,"featured_media":0,"parent":0,"menu_order":0,"comment_status":"closed","ping_status":"closed","template":"","meta":[],"_links":{"self":[{"href":"https:\/\/ercistso.tobb.org.tr\/en\/wp-json\/wp\/v2\/pages\/3464"}],"collection":[{"href":"https:\/\/ercistso.tobb.org.tr\/en\/wp-json\/wp\/v2\/pages"}],"about":[{"href":"https:\/\/ercistso.tobb.org.tr\/en\/wp-json\/wp\/v2\/types\/page"}],"author":[{"embeddable":true,"href":"https:\/\/ercistso.tobb.org.tr\/en\/wp-json\/wp\/v2\/users\/1"}],"replies":[{"embeddable":true,"href":"https:\/\/ercistso.tobb.org.tr\/en\/wp-json\/wp\/v2\/comments?post=3464"}],"version-history":[{"count":55,"href":"https:\/\/ercistso.tobb.org.tr\/en\/wp-json\/wp\/v2\/pages\/3464\/revisions"}],"predecessor-version":[{"id":3950,"href":"https:\/\/ercistso.tobb.org.tr\/en\/wp-json\/wp\/v2\/pages\/3464\/revisions\/3950"}],"wp:attachment":[{"href":"https:\/\/ercistso.tobb.org.tr\/en\/wp-json\/wp\/v2\/media?parent=3464"}],"curies":[{"name":"wp","href":"https:\/\/api.w.org\/{rel}","templated":true}]}}