{"id":1047,"date":"2018-05-12T06:29:59","date_gmt":"2018-05-12T06:29:59","guid":{"rendered":"http:\/\/keenitsolutions.com\/products\/wordpress\/rsconstruction\/?page_id=1047"},"modified":"2020-10-04T22:37:22","modified_gmt":"2020-10-04T22:37:22","slug":"haberler","status":"publish","type":"page","link":"https:\/\/ercistso.tobb.org.tr\/en\/haberler\/","title":{"rendered":"News"},"content":{"rendered":"<p>[vc_row full_width=&#8221;stretch_row&#8221; css=&#8221;.vc_custom_1529484882263{padding-top: 100px !important;padding-bottom: 34px !important;}&#8221;][vc_column]<div class=\"rs-blog-grid rs-blog \">\r\n\t\t\t\t\t<div class=\"row\"><div class=\"col-md-3 col-sm-12 col-xs-12\">\r\n\t\t\t\t\t\t\t<div class=\"blog-item\">\r\n\t\t\t\t\t\t\t<div class=\"blog-img\"> \r\n\t\t\t\t\t\t\t\t<a href=\"https:\/\/ercistso.tobb.org.tr\/en\/?post_type=post&p=4201\">\r\n\t\t\t\t\t\t\t\t\t<img src=\"\" alt=\"\u0130\u015e SA\u011eLI\u011eI VE G\u00dcVENL\u0130\u011e\u0130 E\u011e\u0130T\u0130M\" \/>\r\n\t\t\t\t\t\t\t\t<\/a>\r\n\t\t\t\t\t\t\t<\/div>\r\n\t\t\t\t\t\t\t<div class=\"full-blog-content\"> \r\n\t\t\t\t\t\t\t\t<div class=\"blog-meta\"><ul class=\"cate_sec\">\r\n\t\t\t\t\t\t\t\t\t\t<li class=\"date\"><i class=\"fa fa-calendar\"><\/i> April 22, 2025<\/li>\r\n\t\t\t\t\t\t\t\t\t\t<li> <i class=\"fa fa-user\"><\/i> Erci\u015f TSO<\/li>\r\n\t\t\t\t\t\t\t\t\t<\/ul><h3 class=\"blog-title\">\r\n\t\t\t\t\t\t\t\t\t<a href=\"https:\/\/ercistso.tobb.org.tr\/en\/?post_type=post&p=4201\"> \u0130\u015e SA\u011eLI\u011eI VE G\u00dcVENL\u0130\u011e\u0130 E\u011e\u0130T\u0130M <\/a>\r\n\t\t\t\t\t\t\t\t<\/h3><\/div>\t\t\t\t\t\t\r\n\t\t\t\t\t\t\t\t<div class=\"blog-desc\">\r\n\t\t\t\t\t\t\t\t\t\u0130\u015f Sa\u011fl\u0131\u011f\u0131 ve G\u00fcvenli\u011fi Hizmetlerinin Y\u00fcr\u00fct\u00fclmesine \u0130li\u015fkin E\u011fitim TOBB ET\u00dc S\u00fcrekli E\u011fitim Ara\u015ft\u0131rma ve Uygulama Merkezi taraf\u0131ndan Birli\u011fimize iletilen ekli...\r\n\t\t\t\t\t\t\t\t<\/div><\/div>\r\n\t\t\t\t\t\t\t<\/div>\r\n\r\n\r\n\t\t\t\t\t<\/div><div class=\"col-md-3 col-sm-12 col-xs-12\">\r\n\t\t\t\t\t\t\t<div class=\"blog-item\">\r\n\t\t\t\t\t\t\t<div class=\"blog-img\"> \r\n\t\t\t\t\t\t\t\t<a href=\"https:\/\/ercistso.tobb.org.tr\/en\/?post_type=post&p=4179\">\r\n\t\t\t\t\t\t\t\t\t<img src=\"\" alt=\"SGK&#8217;dan \u00d6NEML\u0130 DUYURU\" \/>\r\n\t\t\t\t\t\t\t\t<\/a>\r\n\t\t\t\t\t\t\t<\/div>\r\n\t\t\t\t\t\t\t<div class=\"full-blog-content\"> \r\n\t\t\t\t\t\t\t\t<div class=\"blog-meta\"><ul class=\"cate_sec\">\r\n\t\t\t\t\t\t\t\t\t\t<li class=\"date\"><i class=\"fa fa-calendar\"><\/i> October 16, 2024<\/li>\r\n\t\t\t\t\t\t\t\t\t\t<li> <i class=\"fa fa-user\"><\/i> Erci\u015f TSO<\/li>\r\n\t\t\t\t\t\t\t\t\t<\/ul><h3 class=\"blog-title\">\r\n\t\t\t\t\t\t\t\t\t<a href=\"https:\/\/ercistso.tobb.org.tr\/en\/?post_type=post&p=4179\"> SGK&#8217;dan \u00d6NEML\u0130 DUYURU <\/a>\r\n\t\t\t\t\t\t\t\t<\/h3><\/div>\t\t\t\t\t\t\r\n\t\t\t\t\t\t\t\t<div class=\"blog-desc\">\r\n\t\t\t\t\t\t\t\t\tSigortal\u0131 i\u015f\u00e7i \u00e7al\u0131\u015ft\u0131ran i\u015fveren, hem kendi kazan\u0131r, hem de \u00fclkesine kazand\u0131r\u0131r. \u0130\u015fveren Bro\u015f\u00fcr\u00fc, GSS Bro\u015f\u00fcr\u00fc, Primler Bro\u015f\u00fcr\u00fc i\u00e7in linklere t\u0131klay\u0131p...\r\n\t\t\t\t\t\t\t\t<\/div><\/div>\r\n\t\t\t\t\t\t\t<\/div>\r\n\r\n\r\n\t\t\t\t\t<\/div><div class=\"col-md-3 col-sm-12 col-xs-12\">\r\n\t\t\t\t\t\t\t<div class=\"blog-item\">\r\n\t\t\t\t\t\t\t<div class=\"blog-img\"> \r\n\t\t\t\t\t\t\t\t<a href=\"https:\/\/ercistso.tobb.org.tr\/en\/?post_type=post&p=4173\">\r\n\t\t\t\t\t\t\t\t\t<img src=\"https:\/\/ercistso.tobb.org.tr\/wp-content\/uploads\/2024\/10\/arsa-resim-1.png\" alt=\"TOBB NEFES KRED\u0130S\u0130 2025\" \/>\r\n\t\t\t\t\t\t\t\t<\/a>\r\n\t\t\t\t\t\t\t<\/div>\r\n\t\t\t\t\t\t\t<div class=\"full-blog-content\"> \r\n\t\t\t\t\t\t\t\t<div class=\"blog-meta\"><ul class=\"cate_sec\">\r\n\t\t\t\t\t\t\t\t\t\t<li class=\"date\"><i class=\"fa fa-calendar\"><\/i> October 7, 2024<\/li>\r\n\t\t\t\t\t\t\t\t\t\t<li> <i class=\"fa fa-user\"><\/i> Erci\u015f TSO<\/li>\r\n\t\t\t\t\t\t\t\t\t<\/ul><h3 class=\"blog-title\">\r\n\t\t\t\t\t\t\t\t\t<a href=\"https:\/\/ercistso.tobb.org.tr\/en\/?post_type=post&p=4173\"> TOBB NEFES KRED\u0130S\u0130 2025 <\/a>\r\n\t\t\t\t\t\t\t\t<\/h3><\/div>\t\t\t\t\t\t\r\n\t\t\t\t\t\t\t\t<div class=\"blog-desc\">\r\n\t\t\t\t\t\t\t\t\tOda\/borsa \u00fcyeleri, 08.07.2025 Sal\u0131 g\u00fcn\u00fc itibar\u0131yla, TOBB Nefes Kredisi i\u015flemlerindekullan\u0131lmak Kay\u0131tl\u0131 oldu\u011fu Odadan alaca\u011f\u0131 olarak verilecek faaliyet belgesi ile birlikte...\r\n\t\t\t\t\t\t\t\t<\/div><\/div>\r\n\t\t\t\t\t\t\t<\/div>\r\n\r\n\r\n\t\t\t\t\t<\/div><div class=\"col-md-3 col-sm-12 col-xs-12\">\r\n\t\t\t\t\t\t\t<div class=\"blog-item\">\r\n\t\t\t\t\t\t\t<div class=\"blog-img\"> \r\n\t\t\t\t\t\t\t\t<a href=\"https:\/\/ercistso.tobb.org.tr\/en\/?post_type=post&p=4150\">\r\n\t\t\t\t\t\t\t\t\t<img src=\"https:\/\/ercistso.tobb.org.tr\/wp-content\/uploads\/2024\/09\/tobberciskardelen1.jpg\" alt=\"TOBB KARDELEN ANAOKULU\" \/>\r\n\t\t\t\t\t\t\t\t<\/a>\r\n\t\t\t\t\t\t\t<\/div>\r\n\t\t\t\t\t\t\t<div class=\"full-blog-content\"> \r\n\t\t\t\t\t\t\t\t<div class=\"blog-meta\"><ul class=\"cate_sec\">\r\n\t\t\t\t\t\t\t\t\t\t<li class=\"date\"><i class=\"fa fa-calendar\"><\/i> September 6, 2024<\/li>\r\n\t\t\t\t\t\t\t\t\t\t<li> <i class=\"fa fa-user\"><\/i> Erci\u015f TSO<\/li>\r\n\t\t\t\t\t\t\t\t\t<\/ul><h3 class=\"blog-title\">\r\n\t\t\t\t\t\t\t\t\t<a href=\"https:\/\/ercistso.tobb.org.tr\/en\/?post_type=post&p=4150\"> TOBB KARDELEN ANAOKULU <\/a>\r\n\t\t\t\t\t\t\t\t<\/h3><\/div>\t\t\t\t\t\t\r\n\t\t\t\t\t\t\t\t<div class=\"blog-desc\">\r\n\t\t\t\t\t\t\t\t\tTOBB ve Milli E\u011fitim Bakanl\u0131\u011f\u0131 aras\u0131ndan yap\u0131lan protokol il\u00e7emizde yap\u0131m\u0131 tamamlanan TOBB KARDELEN ANAOKULU 2024-2025 E\u011fitim-\u00d6\u011fretim d\u00f6nemi itibariyle hizmete\u00a0giriyor.\r\n\t\t\t\t\t\t\t\t<\/div><\/div>\r\n\t\t\t\t\t\t\t<\/div>\r\n\r\n\r\n\t\t\t\t\t<\/div><\/div>\r\n\t\t\t<\/div>[\/vc_column][\/vc_row]<\/p>\n","protected":false},"excerpt":{"rendered":"<p>[vc_row full_width=&#8221;stretch_row&#8221; css=&#8221;.vc_custom_1529484882263{padding-top: 100px !important;padding-bottom: 34px !important;}&#8221;][vc_column][\/vc_column]&#8230;<\/p>\n","protected":false},"author":1,"featured_media":0,"parent":0,"menu_order":0,"comment_status":"closed","ping_status":"closed","template":"","meta":[],"_links":{"self":[{"href":"https:\/\/ercistso.tobb.org.tr\/en\/wp-json\/wp\/v2\/pages\/1047"}],"collection":[{"href":"https:\/\/ercistso.tobb.org.tr\/en\/wp-json\/wp\/v2\/pages"}],"about":[{"href":"https:\/\/ercistso.tobb.org.tr\/en\/wp-json\/wp\/v2\/types\/page"}],"author":[{"embeddable":true,"href":"https:\/\/ercistso.tobb.org.tr\/en\/wp-json\/wp\/v2\/users\/1"}],"replies":[{"embeddable":true,"href":"https:\/\/ercistso.tobb.org.tr\/en\/wp-json\/wp\/v2\/comments?post=1047"}],"version-history":[{"count":3,"href":"https:\/\/ercistso.tobb.org.tr\/en\/wp-json\/wp\/v2\/pages\/1047\/revisions"}],"predecessor-version":[{"id":3796,"href":"https:\/\/ercistso.tobb.org.tr\/en\/wp-json\/wp\/v2\/pages\/1047\/revisions\/3796"}],"wp:attachment":[{"href":"https:\/\/ercistso.tobb.org.tr\/en\/wp-json\/wp\/v2\/media?parent=1047"}],"curies":[{"name":"wp","href":"https:\/\/api.w.org\/{rel}","templated":true}]}}